{"id":3412,"date":"2022-05-27T05:36:17","date_gmt":"2022-05-27T05:36:17","guid":{"rendered":"https:\/\/www.autootp.com\/politica-de-privacidad-del-software\/"},"modified":"2025-12-10T01:17:37","modified_gmt":"2025-12-10T01:17:37","slug":"software-privacy-policy","status":"publish","type":"page","link":"https:\/\/www.autootp.com\/es\/software-privacy-policy\/","title":{"rendered":"Software Privacy Policy"},"content":{"rendered":"\t\t<div data-elementor-type=\"wp-page\" data-elementor-id=\"3412\" class=\"elementor elementor-3412 elementor-498\" data-elementor-post-type=\"page\">\n\t\t\t\t\t\t<section class=\"elementor-section elementor-top-section elementor-element elementor-element-599e6e9d eula_container elementor-section-boxed elementor-section-height-default elementor-section-height-default\" data-id=\"599e6e9d\" data-element_type=\"section\" data-e-type=\"section\">\n\t\t\t\t\t\t<div class=\"elementor-container elementor-column-gap-default\">\n\t\t\t\t\t<div class=\"elementor-column elementor-col-100 elementor-top-column elementor-element elementor-element-2cdc2313\" data-id=\"2cdc2313\" data-element_type=\"column\" data-e-type=\"column\">\n\t\t\t<div class=\"elementor-widget-wrap elementor-element-populated\">\n\t\t\t\t\t\t<div class=\"elementor-element elementor-element-4126b411 elementor-widget elementor-widget-heading\" data-id=\"4126b411\" data-element_type=\"widget\" data-e-type=\"widget\" data-widget_type=\"heading.default\">\n\t\t\t\t<div class=\"elementor-widget-container\">\n\t\t\t\t\t<h2 class=\"elementor-heading-title elementor-size-default\">Pol\u00edtica de Tratamiento de Datos Personales del Software Passwordless X1280<\/h2>\t\t\t\t<\/div>\n\t\t\t\t<\/div>\n\t\t\t\t<div class=\"elementor-element elementor-element-492bbba6 elementor-widget elementor-widget-text-editor\" data-id=\"492bbba6\" data-element_type=\"widget\" data-e-type=\"widget\" data-widget_type=\"text-editor.default\">\n\t\t\t\t<div class=\"elementor-widget-container\">\n\t\t\t\t\t\t\t\t\t<p><b>\u00cdndice<\/b><\/p>\n<ol>\n<li style=\"font-weight: 400;\" aria-level=\"1\"><span style=\"font-weight: 400;\">Finalidad de la recopilaci\u00f3n y uso de los datos personales<\/span><\/li>\n<li style=\"font-weight: 400;\" aria-level=\"1\"><span style=\"font-weight: 400;\">Categor\u00edas de datos personales recopilados por la aplicaci\u00f3n m\u00f3vil y el servidor<\/span><\/li>\n<li style=\"font-weight: 400;\" aria-level=\"1\"><span style=\"font-weight: 400;\">Per\u00edodo de conservaci\u00f3n y uso de los datos personales por la aplicaci\u00f3n m\u00f3vil y el servidor<\/span><\/li>\n<li style=\"font-weight: 400;\" aria-level=\"1\"><span style=\"font-weight: 400;\">Provisi\u00f3n de datos personales a terceros desde la aplicaci\u00f3n m\u00f3vil y el servidor<\/span><\/li>\n<li style=\"font-weight: 400;\" aria-level=\"1\"><span style=\"font-weight: 400;\">Encargados del tratamiento de datos personales<\/span><\/li>\n<li style=\"font-weight: 400;\" aria-level=\"1\"><span style=\"font-weight: 400;\">Medidas para garantizar la seguridad de los datos personales en la aplicaci\u00f3n m\u00f3vil y el servidor<\/span><\/li>\n<li style=\"font-weight: 400;\" aria-level=\"1\"><span style=\"font-weight: 400;\">Derechos del titular de los datos y m\u00e9todos para ejercerlos en la aplicaci\u00f3n m\u00f3vil y el servidor<\/span><\/li>\n<li style=\"font-weight: 400;\" aria-level=\"1\"><span style=\"font-weight: 400;\">\ubaa8\ubc14\uc77cProcedimientos y m\u00e9todos para la eliminaci\u00f3n de datos personales en la aplicaci\u00f3n m\u00f3vil y el servidor<\/span><\/li>\n<li style=\"font-weight: 400;\" aria-level=\"1\"><span style=\"font-weight: 400;\">Uso de dispositivos autom\u00e1ticos de recopilaci\u00f3n de datos personales, su operaci\u00f3n y c\u00f3mo rechazarlos<\/span><\/li>\n<li style=\"font-weight: 400;\" aria-level=\"1\"><span style=\"font-weight: 400;\">Responsable de la protecci\u00f3n de datos personales y contacto<\/span><\/li>\n<li style=\"font-weight: 400;\" aria-level=\"1\"><span style=\"font-weight: 400;\">Obligaci\u00f3n de notificaci\u00f3n<\/span><\/li>\n<\/ol>\n\t\t\t\t\t\t\t\t<\/div>\n\t\t\t\t<\/div>\n\t\t\t\t<div class=\"elementor-element elementor-element-1d511259 elementor-widget elementor-widget-text-editor\" data-id=\"1d511259\" data-element_type=\"widget\" data-e-type=\"widget\" data-widget_type=\"text-editor.default\">\n\t\t\t\t<div class=\"elementor-widget-container\">\n\t\t\t\t\t\t\t\t\t<h4><b>1. Finalidad de la recopilaci\u00f3n y uso de los datos personales<br \/>\n<\/b><\/h4>\n<p><span style=\"font-weight: 400;\">Passwordless Alliance distribuye gratuitamente el software Passwordless X1280 con el objetivo de resolver los problemas sociales derivados del uso de contrase\u00f1as por parte de los usuarios en todo el mundo. Esta pol\u00edtica de privacidad ha sido redactada para dos tipos de sujetos:<\/span><\/p>\n<ul>\n<li style=\"font-weight: 400;\" aria-level=\"1\"><span style=\"font-weight: 400;\">El primer sujeto son los consumidores, clientes o miembros que utilizan servicios en l\u00ednea, y se refiere al tratamiento de datos personales relacionado con el uso de la aplicaci\u00f3n m\u00f3vil Passwordless X1280.<\/span><\/li>\n<li style=\"font-weight: 400;\" aria-level=\"1\"><span style=\"font-weight: 400;\">El segundo sujeto son los proveedores de servicios en l\u00ednea que ofrecen servicios passwordless a consumidores, clientes o miembros, y se refiere al tratamiento de datos personales relacionado con el uso del servidor Passwordless X1280.<\/span><\/li>\n<\/ul>\n<p><span style=\"font-weight: 400;\">Esta pol\u00edtica debe incluir claramente que ha sido redactada para ambos tipos de sujetos.<\/span><\/p>\n\t\t\t\t\t\t\t\t<\/div>\n\t\t\t\t<\/div>\n\t\t\t\t<div class=\"elementor-element elementor-element-65ff9b74 elementor-widget elementor-widget-text-editor\" data-id=\"65ff9b74\" data-element_type=\"widget\" data-e-type=\"widget\" data-widget_type=\"text-editor.default\">\n\t\t\t\t<div class=\"elementor-widget-container\">\n\t\t\t\t\t\t\t\t\t<h4><b>2. Categor\u00edas de datos personales recopilados por la aplicaci\u00f3n m\u00f3vil y el servidor<\/b><\/h4>\n<p><b>Aplicaci\u00f3n m\u00f3vil:<\/b><span style=\"font-weight: 400;\"> Al instalar la aplicaci\u00f3n m\u00f3vil Passwordless X1280, no se solicita ning\u00fan dato personal del usuario.<br \/>\nLa aplicaci\u00f3n Passwordless X1280 no requiere ning\u00fan dato personal directamente. El usuario simplemente vincula su ID del servicio en l\u00ednea deseado con la app Passwordless X1280.<\/span><\/p>\n<p><span style=\"font-weight: 400;\">La vinculaci\u00f3n se realiza escaneando el c\u00f3digo QR de registro para inicio de sesi\u00f3n passwordless proporcionado por el servicio en l\u00ednea. Entonces, la aplicaci\u00f3n almacena la informaci\u00f3n del ID del servicio en l\u00ednea registrado. Solo se almacena el ID del servicio en l\u00ednea que el usuario desea registrar, sin requerir ning\u00fan dato personal adicional.<\/span><\/p>\n<p><b>Servidor:<\/b><span style=\"font-weight: 400;\"> El servidor Passwordless X1280 no solicita ni almacena ning\u00fan dato personal (como nombre, correo electr\u00f3nico, edad, n\u00famero de tel\u00e9fono, etc.) del servidor del servicio en l\u00ednea.<br \/>\n\u00danicamente conserva la informaci\u00f3n de vinculaci\u00f3n entre el ID del usuario y la aplicaci\u00f3n m\u00f3vil Passwordless X1280.<br \/>\nPara enviar notificaciones push a la aplicaci\u00f3n del usuario que intenta iniciar sesi\u00f3n sin contrase\u00f1a, el servidor puede enviar la informaci\u00f3n de la app del usuario al servidor de notificaciones operado por Passwordless Alliance.<\/span><\/p>\n\t\t\t\t\t\t\t\t<\/div>\n\t\t\t\t<\/div>\n\t\t\t\t<div class=\"elementor-element elementor-element-330411de elementor-widget elementor-widget-text-editor\" data-id=\"330411de\" data-element_type=\"widget\" data-e-type=\"widget\" data-widget_type=\"text-editor.default\">\n\t\t\t\t<div class=\"elementor-widget-container\">\n\t\t\t\t\t\t\t\t\t<h4><b>3. Per\u00edodo de conservaci\u00f3n y uso de los datos personales por la aplicaci\u00f3n m\u00f3vil y el servidor<\/b><\/h4>\n<p><span style=\"font-weight: 400;\">La aplicaci\u00f3n Passwordless X1280 no recopila datos personales, por lo tanto, no existe per\u00edodo de conservaci\u00f3n ni de uso.<br \/>\nSin embargo, para la provisi\u00f3n de anuncios de display a trav\u00e9s del servicio Google AdMob, puede recopilarse informaci\u00f3n sobre el estado de uso de la app.<\/span><\/p>\n\t\t\t\t\t\t\t\t<\/div>\n\t\t\t\t<\/div>\n\t\t\t\t<div class=\"elementor-element elementor-element-b8d8451 elementor-widget elementor-widget-text-editor\" data-id=\"b8d8451\" data-element_type=\"widget\" data-e-type=\"widget\" data-widget_type=\"text-editor.default\">\n\t\t\t\t<div class=\"elementor-widget-container\">\n\t\t\t\t\t\t\t\t\t<h4><b>4. Provisi\u00f3n de datos personales a terceros desde la aplicaci\u00f3n m\u00f3vil y el servidor<\/b><\/h4>\n<p><span style=\"font-weight: 400;\">Passwordless X1280 no proporciona datos personales recopilados a terceros.<br \/>\nNo obstante, en el caso de usuarios gratuitos, para mostrar anuncios mediante el servicio Google AdMob, se puede utilizar el identificador de AdMob de Google y compartirse informaci\u00f3n sobre el estado de uso de la aplicaci\u00f3n.<\/span><\/p>\n\t\t\t\t\t\t\t\t<\/div>\n\t\t\t\t<\/div>\n\t\t\t\t<div class=\"elementor-element elementor-element-0a7177d elementor-widget elementor-widget-text-editor\" data-id=\"0a7177d\" data-element_type=\"widget\" data-e-type=\"widget\" data-widget_type=\"text-editor.default\">\n\t\t\t\t<div class=\"elementor-widget-container\">\n\t\t\t\t\t\t\t\t\t<h4><b>5. Encargados del tratamiento de datos personales<\/b><\/h4>\n<p><span style=\"font-weight: 400;\">Passwordless X1280 no delega el tratamiento de datos personales.<br \/>\nSin embargo, la informaci\u00f3n sobre el estado de uso de la aplicaci\u00f3n puede recopilarse en los servidores del servicio Google AdMob, lo cual est\u00e1 sujeto a las pol\u00edticas de AdMob de Google.<\/span><\/p>\n\t\t\t\t\t\t\t\t<\/div>\n\t\t\t\t<\/div>\n\t\t\t\t<div class=\"elementor-element elementor-element-9b26161 elementor-widget elementor-widget-text-editor\" data-id=\"9b26161\" data-element_type=\"widget\" data-e-type=\"widget\" data-widget_type=\"text-editor.default\">\n\t\t\t\t<div class=\"elementor-widget-container\">\n\t\t\t\t\t\t\t\t\t<h4><b>6. Medidas para garantizar la seguridad de los datos personales en la aplicaci\u00f3n m\u00f3vil y el servidor<\/b><\/h4>\n<p><span style=\"font-weight: 400;\">Passwordless X1280 no recopila datos personales de los usuarios, por lo que no se requieren medidas espec\u00edficas de seguridad.<br \/>\nNo obstante, la informaci\u00f3n recopilada a trav\u00e9s de Google AdMob se gestiona de forma segura conforme a la pol\u00edtica de privacidad de Google.<\/span><\/p>\n\t\t\t\t\t\t\t\t<\/div>\n\t\t\t\t<\/div>\n\t\t\t\t<div class=\"elementor-element elementor-element-8a486bd elementor-widget elementor-widget-text-editor\" data-id=\"8a486bd\" data-element_type=\"widget\" data-e-type=\"widget\" data-widget_type=\"text-editor.default\">\n\t\t\t\t<div class=\"elementor-widget-container\">\n\t\t\t\t\t\t\t\t\t<h4><b>7. Derechos del titular de los datos y m\u00e9todos para ejercerlos en la aplicaci\u00f3n m\u00f3vil y el servidor<\/b><\/h4>\n<p><span style=\"font-weight: 400;\">Passwordless X1280 no recopila datos personales de los usuarios, por lo tanto, no se aplican derechos ni m\u00e9todos de ejercicio para el titular de los datos.<br \/>\nSin embargo, si el usuario desea eliminar un ID de servicio en l\u00ednea almacenado en la aplicaci\u00f3n, puede eliminarlo desde la lista de servicios registrados dentro de la aplicaci\u00f3n Passwordless X1280.<\/span><\/p>\n\t\t\t\t\t\t\t\t<\/div>\n\t\t\t\t<\/div>\n\t\t\t\t<div class=\"elementor-element elementor-element-3d2264b elementor-widget elementor-widget-text-editor\" data-id=\"3d2264b\" data-element_type=\"widget\" data-e-type=\"widget\" data-widget_type=\"text-editor.default\">\n\t\t\t\t<div class=\"elementor-widget-container\">\n\t\t\t\t\t\t\t\t\t<h4><b>8. Procedimientos y m\u00e9todos para la eliminaci\u00f3n de datos personales en la aplicaci\u00f3n m\u00f3vil y el servidor<\/b><\/h4>\n<p><span style=\"font-weight: 400;\">Passwordless X1280 no recopila datos personales de los usuarios, por lo tanto, no se requiere un procedimiento de eliminaci\u00f3n.<br \/>\nEl servidor elimina inmediatamente la informaci\u00f3n de vinculaci\u00f3n entre el ID del usuario y la aplicaci\u00f3n Passwordless X1280 cuando el usuario desactiva el servicio passwordless a trav\u00e9s del servicio en l\u00ednea.<\/span><\/p>\n\t\t\t\t\t\t\t\t<\/div>\n\t\t\t\t<\/div>\n\t\t\t\t<div class=\"elementor-element elementor-element-87fece6 elementor-widget elementor-widget-text-editor\" data-id=\"87fece6\" data-element_type=\"widget\" data-e-type=\"widget\" data-widget_type=\"text-editor.default\">\n\t\t\t\t<div class=\"elementor-widget-container\">\n\t\t\t\t\t\t\t\t\t<h4><b>9. Uso de dispositivos autom\u00e1ticos de recopilaci\u00f3n de datos personales, su operaci\u00f3n y c\u00f3mo rechazarlos<\/b><\/h4>\n<p><span style=\"font-weight: 400;\">Passwordless X1280 no utiliza dispositivos autom\u00e1ticos de recopilaci\u00f3n como cookies.<br \/>\nSin embargo, para la provisi\u00f3n de anuncios mediante Google AdMob, se pueden recopilar autom\u00e1ticamente datos del dispositivo del usuario o informaci\u00f3n de uso de la aplicaci\u00f3n, conforme a las pol\u00edticas de Google AdMob.<\/span><\/p>\n\t\t\t\t\t\t\t\t<\/div>\n\t\t\t\t<\/div>\n\t\t\t\t<div class=\"elementor-element elementor-element-0a6489f elementor-widget elementor-widget-text-editor\" data-id=\"0a6489f\" data-element_type=\"widget\" data-e-type=\"widget\" data-widget_type=\"text-editor.default\">\n\t\t\t\t<div class=\"elementor-widget-container\">\n\t\t\t\t\t\t\t\t\t<h4><b>10. Responsable de la protecci\u00f3n de datos personales y contacto<\/b><\/h4>\n<p><span style=\"font-weight: 400;\">Responsable de protecci\u00f3n de datos personales de Passwordless Alliance:<\/span><\/p>\n<ul>\n<li style=\"font-weight: 400;\" aria-level=\"1\"><span style=\"font-weight: 400;\">Responsable legal: <a href=\"mailto:Legal@passwordlessalliance.org\">Legal@passwordlessalliance.org<\/a><\/span><\/li>\n<\/ul>\n\t\t\t\t\t\t\t\t<\/div>\n\t\t\t\t<\/div>\n\t\t\t\t<div class=\"elementor-element elementor-element-3fef35f elementor-widget elementor-widget-text-editor\" data-id=\"3fef35f\" data-element_type=\"widget\" data-e-type=\"widget\" data-widget_type=\"text-editor.default\">\n\t\t\t\t<div class=\"elementor-widget-container\">\n\t\t\t\t\t\t\t\t\t<h4><b>11. Obligaci\u00f3n de notificaci\u00f3n<\/b><\/h4>\n<p><span style=\"font-weight: 400;\">Esta pol\u00edtica de privacidad entra en vigor el 26 de mayo de 2024.<br \/>\nEn caso de adiciones, eliminaciones o modificaciones debido a cambios en las leyes, pol\u00edticas o tecnolog\u00edas de seguridad, los cambios se notificar\u00e1n a trav\u00e9s del sitio web o de la secci\u00f3n de avisos de la aplicaci\u00f3n al menos 7 d\u00edas antes de su implementaci\u00f3n.<\/span><\/p>\n\t\t\t\t\t\t\t\t<\/div>\n\t\t\t\t<\/div>\n\t\t\t\t\t<\/div>\n\t\t<\/div>\n\t\t\t\t\t<\/div>\n\t\t<\/section>\n\t\t\t\t<\/div>\n\t\t","protected":false},"excerpt":{"rendered":"<p>Pol\u00edtica de Tratamiento de Datos Personales del Software Passwordless X1280 \u00cdndice Finalidad de la recopilaci\u00f3n y uso de los datos personales Categor\u00edas de datos personales recopilados por la aplicaci\u00f3n m\u00f3vil y el servidor Per\u00edodo de conservaci\u00f3n y uso de los datos personales por la aplicaci\u00f3n m\u00f3vil y el servidor Provisi\u00f3n de datos personales a terceros [&hellip;]<\/p>\n","protected":false},"author":6,"featured_media":0,"parent":0,"menu_order":100,"comment_status":"closed","ping_status":"closed","template":"","meta":{"footnotes":""},"class_list":["post-3412","page","type-page","status-publish","hentry"],"yoast_head":"<!-- This site is optimized with the Yoast SEO plugin v27.1.1 - https:\/\/yoast.com\/product\/yoast-seo-wordpress\/ -->\n<title>Software Privacy Policy - Passwordless Alliance<\/title>\n<meta name=\"robots\" content=\"index, follow, max-snippet:-1, max-image-preview:large, max-video-preview:-1\" \/>\n<link rel=\"canonical\" href=\"https:\/\/www.autootp.com\/es\/software-privacy-policy\/\" \/>\n<meta property=\"og:locale\" content=\"es_ES\" \/>\n<meta property=\"og:type\" content=\"article\" \/>\n<meta property=\"og:title\" content=\"Software Privacy Policy - Passwordless Alliance\" \/>\n<meta property=\"og:description\" content=\"Pol\u00edtica de Tratamiento de Datos Personales del Software Passwordless X1280 \u00cdndice Finalidad de la recopilaci\u00f3n y uso de los datos personales Categor\u00edas de datos personales recopilados por la aplicaci\u00f3n m\u00f3vil y el servidor Per\u00edodo de conservaci\u00f3n y uso de los datos personales por la aplicaci\u00f3n m\u00f3vil y el servidor Provisi\u00f3n de datos personales a terceros [&hellip;]\" \/>\n<meta property=\"og:url\" content=\"https:\/\/www.autootp.com\/es\/software-privacy-policy\/\" \/>\n<meta property=\"og:site_name\" content=\"Passwordless Alliance\" \/>\n<meta property=\"article:modified_time\" content=\"2025-12-10T01:17:37+00:00\" \/>\n<meta name=\"twitter:card\" content=\"summary_large_image\" \/>\n<meta name=\"twitter:label1\" content=\"Tiempo de lectura\" \/>\n\t<meta name=\"twitter:data1\" content=\"5 minutos\" \/>\n<script type=\"application\/ld+json\" class=\"yoast-schema-graph\">{\"@context\":\"https:\/\/schema.org\",\"@graph\":[{\"@type\":\"WebPage\",\"@id\":\"https:\/\/www.autootp.com\/es\/software-privacy-policy\/\",\"url\":\"https:\/\/www.autootp.com\/es\/software-privacy-policy\/\",\"name\":\"Software Privacy Policy - Passwordless Alliance\",\"isPartOf\":{\"@id\":\"https:\/\/www.passwordlessalliance.org\/en\/#website\"},\"datePublished\":\"2022-05-27T05:36:17+00:00\",\"dateModified\":\"2025-12-10T01:17:37+00:00\",\"breadcrumb\":{\"@id\":\"https:\/\/www.autootp.com\/es\/software-privacy-policy\/#breadcrumb\"},\"inLanguage\":\"es\",\"potentialAction\":[{\"@type\":\"ReadAction\",\"target\":[\"https:\/\/www.autootp.com\/es\/software-privacy-policy\/\"]}]},{\"@type\":\"BreadcrumbList\",\"@id\":\"https:\/\/www.autootp.com\/es\/software-privacy-policy\/#breadcrumb\",\"itemListElement\":[{\"@type\":\"ListItem\",\"position\":1,\"name\":\"Home\",\"item\":\"https:\/\/www.passwordlessalliance.org\/es\/\"},{\"@type\":\"ListItem\",\"position\":2,\"name\":\"Software Privacy Policy\"}]},{\"@type\":\"WebSite\",\"@id\":\"https:\/\/www.passwordlessalliance.org\/en\/#website\",\"url\":\"https:\/\/www.passwordlessalliance.org\/en\/\",\"name\":\"Passwordless Alliance\",\"description\":\"\",\"publisher\":{\"@id\":\"https:\/\/www.passwordlessalliance.org\/en\/#organization\"},\"potentialAction\":[{\"@type\":\"SearchAction\",\"target\":{\"@type\":\"EntryPoint\",\"urlTemplate\":\"https:\/\/www.passwordlessalliance.org\/en\/?s={search_term_string}\"},\"query-input\":{\"@type\":\"PropertyValueSpecification\",\"valueRequired\":true,\"valueName\":\"search_term_string\"}}],\"inLanguage\":\"es\"},{\"@type\":\"Organization\",\"@id\":\"https:\/\/www.passwordlessalliance.org\/en\/#organization\",\"name\":\"Passwordless Alliance\",\"url\":\"https:\/\/www.passwordlessalliance.org\/en\/\",\"logo\":{\"@type\":\"ImageObject\",\"inLanguage\":\"es\",\"@id\":\"https:\/\/www.passwordlessalliance.org\/en\/#\/schema\/logo\/image\/\",\"url\":\"https:\/\/www.autootp.com\/wp-content\/uploads\/2025\/10\/PA-Logo.png\",\"contentUrl\":\"https:\/\/www.autootp.com\/wp-content\/uploads\/2025\/10\/PA-Logo.png\",\"width\":494,\"height\":55,\"caption\":\"Passwordless Alliance\"},\"image\":{\"@id\":\"https:\/\/www.passwordlessalliance.org\/en\/#\/schema\/logo\/image\/\"}}]}<\/script>\n<!-- \/ Yoast SEO plugin. -->","yoast_head_json":{"title":"Software Privacy Policy - Passwordless Alliance","robots":{"index":"index","follow":"follow","max-snippet":"max-snippet:-1","max-image-preview":"max-image-preview:large","max-video-preview":"max-video-preview:-1"},"canonical":"https:\/\/www.autootp.com\/es\/software-privacy-policy\/","og_locale":"es_ES","og_type":"article","og_title":"Software Privacy Policy - Passwordless Alliance","og_description":"Pol\u00edtica de Tratamiento de Datos Personales del Software Passwordless X1280 \u00cdndice Finalidad de la recopilaci\u00f3n y uso de los datos personales Categor\u00edas de datos personales recopilados por la aplicaci\u00f3n m\u00f3vil y el servidor Per\u00edodo de conservaci\u00f3n y uso de los datos personales por la aplicaci\u00f3n m\u00f3vil y el servidor Provisi\u00f3n de datos personales a terceros [&hellip;]","og_url":"https:\/\/www.autootp.com\/es\/software-privacy-policy\/","og_site_name":"Passwordless Alliance","article_modified_time":"2025-12-10T01:17:37+00:00","twitter_card":"summary_large_image","twitter_misc":{"Tiempo de lectura":"5 minutos"},"schema":{"@context":"https:\/\/schema.org","@graph":[{"@type":"WebPage","@id":"https:\/\/www.autootp.com\/es\/software-privacy-policy\/","url":"https:\/\/www.autootp.com\/es\/software-privacy-policy\/","name":"Software Privacy Policy - Passwordless Alliance","isPartOf":{"@id":"https:\/\/www.passwordlessalliance.org\/en\/#website"},"datePublished":"2022-05-27T05:36:17+00:00","dateModified":"2025-12-10T01:17:37+00:00","breadcrumb":{"@id":"https:\/\/www.autootp.com\/es\/software-privacy-policy\/#breadcrumb"},"inLanguage":"es","potentialAction":[{"@type":"ReadAction","target":["https:\/\/www.autootp.com\/es\/software-privacy-policy\/"]}]},{"@type":"BreadcrumbList","@id":"https:\/\/www.autootp.com\/es\/software-privacy-policy\/#breadcrumb","itemListElement":[{"@type":"ListItem","position":1,"name":"Home","item":"https:\/\/www.passwordlessalliance.org\/es\/"},{"@type":"ListItem","position":2,"name":"Software Privacy Policy"}]},{"@type":"WebSite","@id":"https:\/\/www.passwordlessalliance.org\/en\/#website","url":"https:\/\/www.passwordlessalliance.org\/en\/","name":"Passwordless Alliance","description":"","publisher":{"@id":"https:\/\/www.passwordlessalliance.org\/en\/#organization"},"potentialAction":[{"@type":"SearchAction","target":{"@type":"EntryPoint","urlTemplate":"https:\/\/www.passwordlessalliance.org\/en\/?s={search_term_string}"},"query-input":{"@type":"PropertyValueSpecification","valueRequired":true,"valueName":"search_term_string"}}],"inLanguage":"es"},{"@type":"Organization","@id":"https:\/\/www.passwordlessalliance.org\/en\/#organization","name":"Passwordless Alliance","url":"https:\/\/www.passwordlessalliance.org\/en\/","logo":{"@type":"ImageObject","inLanguage":"es","@id":"https:\/\/www.passwordlessalliance.org\/en\/#\/schema\/logo\/image\/","url":"https:\/\/www.autootp.com\/wp-content\/uploads\/2025\/10\/PA-Logo.png","contentUrl":"https:\/\/www.autootp.com\/wp-content\/uploads\/2025\/10\/PA-Logo.png","width":494,"height":55,"caption":"Passwordless Alliance"},"image":{"@id":"https:\/\/www.passwordlessalliance.org\/en\/#\/schema\/logo\/image\/"}}]}},"jetpack_sharing_enabled":true,"_links":{"self":[{"href":"https:\/\/www.autootp.com\/es\/wp-json\/wp\/v2\/pages\/3412","targetHints":{"allow":["GET"]}}],"collection":[{"href":"https:\/\/www.autootp.com\/es\/wp-json\/wp\/v2\/pages"}],"about":[{"href":"https:\/\/www.autootp.com\/es\/wp-json\/wp\/v2\/types\/page"}],"author":[{"embeddable":true,"href":"https:\/\/www.autootp.com\/es\/wp-json\/wp\/v2\/users\/6"}],"replies":[{"embeddable":true,"href":"https:\/\/www.autootp.com\/es\/wp-json\/wp\/v2\/comments?post=3412"}],"version-history":[{"count":2,"href":"https:\/\/www.autootp.com\/es\/wp-json\/wp\/v2\/pages\/3412\/revisions"}],"predecessor-version":[{"id":4484,"href":"https:\/\/www.autootp.com\/es\/wp-json\/wp\/v2\/pages\/3412\/revisions\/4484"}],"wp:attachment":[{"href":"https:\/\/www.autootp.com\/es\/wp-json\/wp\/v2\/media?parent=3412"}],"curies":[{"name":"wp","href":"https:\/\/api.w.org\/{rel}","templated":true}]}}