{"id":3420,"date":"2024-05-22T09:13:47","date_gmt":"2024-05-22T09:13:47","guid":{"rendered":"https:\/\/www.autootp.com\/recursos\/"},"modified":"2025-12-16T06:22:46","modified_gmt":"2025-12-16T06:22:46","slug":"resources","status":"publish","type":"page","link":"https:\/\/www.autootp.com\/es\/resources\/","title":{"rendered":"Resources"},"content":{"rendered":"\t\t<div data-elementor-type=\"wp-page\" data-elementor-id=\"3420\" class=\"elementor elementor-3420 elementor-739\" data-elementor-post-type=\"page\">\n\t\t\t\t\t\t<section class=\"elementor-section elementor-top-section elementor-element elementor-element-598b9fc elementor-section-boxed elementor-section-height-default elementor-section-height-default\" data-id=\"598b9fc\" data-element_type=\"section\" data-e-type=\"section\">\n\t\t\t\t\t\t<div class=\"elementor-container elementor-column-gap-default\">\n\t\t\t\t\t<div class=\"elementor-column elementor-col-100 elementor-top-column elementor-element elementor-element-94125fd\" data-id=\"94125fd\" data-element_type=\"column\" data-e-type=\"column\">\n\t\t\t<div class=\"elementor-widget-wrap elementor-element-populated\">\n\t\t\t\t\t\t<div class=\"elementor-element elementor-element-cdb76c0 elementor-widget elementor-widget-heading\" data-id=\"cdb76c0\" data-element_type=\"widget\" data-e-type=\"widget\" data-widget_type=\"heading.default\">\n\t\t\t\t<div class=\"elementor-widget-container\">\n\t\t\t\t\t<h2 class=\"elementor-heading-title elementor-size-default\">Recursos<\/h2>\t\t\t\t<\/div>\n\t\t\t\t<\/div>\n\t\t\t\t\t<\/div>\n\t\t<\/div>\n\t\t\t\t\t<\/div>\n\t\t<\/section>\n\t\t\t\t<section class=\"elementor-section elementor-top-section elementor-element elementor-element-96619eb elementor-section-boxed elementor-section-height-default elementor-section-height-default\" data-id=\"96619eb\" data-element_type=\"section\" data-e-type=\"section\">\n\t\t\t\t\t\t<div class=\"elementor-container elementor-column-gap-default\">\n\t\t\t\t\t<div class=\"elementor-column elementor-col-33 elementor-top-column elementor-element elementor-element-1afaf38\" data-id=\"1afaf38\" data-element_type=\"column\" data-e-type=\"column\">\n\t\t\t<div class=\"elementor-widget-wrap elementor-element-populated\">\n\t\t\t\t\t\t<div class=\"elementor-element elementor-element-4110b99 elementor-widget elementor-widget-image\" data-id=\"4110b99\" data-element_type=\"widget\" data-e-type=\"widget\" data-widget_type=\"image.default\">\n\t\t\t\t<div class=\"elementor-widget-container\">\n\t\t\t\t\t\t\t\t\t\t\t\t\t\t\t<img fetchpriority=\"high\" decoding=\"async\" width=\"210\" height=\"277\" src=\"https:\/\/www.autootp.com\/wp-content\/uploads\/2024\/05\/a2-1.png\" class=\"attachment-full size-full wp-image-3422\" alt=\"\" \/>\t\t\t\t\t\t\t\t\t\t\t\t\t\t\t<\/div>\n\t\t\t\t<\/div>\n\t\t\t\t<div class=\"elementor-element elementor-element-e10e3c9 elementor-widget elementor-widget-heading\" data-id=\"e10e3c9\" data-element_type=\"widget\" data-e-type=\"widget\" data-widget_type=\"heading.default\">\n\t\t\t\t<div class=\"elementor-widget-container\">\n\t\t\t\t\t<h2 class=\"elementor-heading-title elementor-size-default\">Passwordless X1280<br>Est\u00e1ndar ITU<\/h2>\t\t\t\t<\/div>\n\t\t\t\t<\/div>\n\t\t\t\t<div class=\"elementor-element elementor-element-dc88d26 elementor-align-center elementor-widget elementor-widget-button\" data-id=\"dc88d26\" data-element_type=\"widget\" data-e-type=\"widget\" data-widget_type=\"button.default\">\n\t\t\t\t<div class=\"elementor-widget-container\">\n\t\t\t\t\t\t\t\t\t<div class=\"elementor-button-wrapper\">\n\t\t\t\t\t<a class=\"elementor-button elementor-button-link elementor-size-sm\" href=\"https:\/\/www.itu.int\/rec\/T-REC-X.1280-202403-I\" target=\"_blank\">\n\t\t\t\t\t\t<span class=\"elementor-button-content-wrapper\">\n\t\t\t\t\t\t\t\t\t<span class=\"elementor-button-text\">Ir a ITU<\/span>\n\t\t\t\t\t<\/span>\n\t\t\t\t\t<\/a>\n\t\t\t\t<\/div>\n\t\t\t\t\t\t\t\t<\/div>\n\t\t\t\t<\/div>\n\t\t\t\t\t<\/div>\n\t\t<\/div>\n\t\t\t\t<div class=\"elementor-column elementor-col-33 elementor-top-column elementor-element elementor-element-f76299e\" data-id=\"f76299e\" data-element_type=\"column\" data-e-type=\"column\">\n\t\t\t<div class=\"elementor-widget-wrap elementor-element-populated\">\n\t\t\t\t\t\t<div class=\"elementor-element elementor-element-47d8da2 elementor-widget elementor-widget-image\" data-id=\"47d8da2\" data-element_type=\"widget\" data-e-type=\"widget\" data-widget_type=\"image.default\">\n\t\t\t\t<div class=\"elementor-widget-container\">\n\t\t\t\t\t\t\t\t\t\t\t\t\t\t\t<img decoding=\"async\" width=\"142\" height=\"270\" src=\"https:\/\/www.autootp.com\/wp-content\/uploads\/2024\/05\/a3.png\" class=\"attachment-full size-full wp-image-3423\" alt=\"\" \/>\t\t\t\t\t\t\t\t\t\t\t\t\t\t\t<\/div>\n\t\t\t\t<\/div>\n\t\t\t\t<div class=\"elementor-element elementor-element-7be19d4 elementor-widget elementor-widget-heading\" data-id=\"7be19d4\" data-element_type=\"widget\" data-e-type=\"widget\" data-widget_type=\"heading.default\">\n\t\t\t\t<div class=\"elementor-widget-container\">\n\t\t\t\t\t<h2 class=\"elementor-heading-title elementor-size-default\">Aplicaci\u00f3n m\u00f3vil Passwordless X1280<\/h2>\t\t\t\t<\/div>\n\t\t\t\t<\/div>\n\t\t\t\t<div class=\"elementor-element elementor-element-e3303e0 elementor-hidden-mobile elementor-widget elementor-widget-html\" data-id=\"e3303e0\" data-element_type=\"widget\" data-e-type=\"widget\" data-widget_type=\"html.default\">\n\t\t\t\t<div class=\"elementor-widget-container\">\n\t\t\t\t\t<div style=\"text-align:center\">\r\n    <a href=\"https:\/\/apps.apple.com\/us\/app\/autootp\/id1290713471?itsct=apps_box_badge&itscg=30200&l=sp\" style=\"display: inline-block; overflow: hidden; border-radius: 4px; width: 130px; height: 52px;\"><img decoding=\"async\" src=\"https:\/\/tools.applemediaservices.com\/api\/badges\/download-on-the-app-store\/black\/en?size=250x83&releaseDate=1508457600&h=3ca7258a430c40b04a90d42e732132c8\" alt=\"Download on the App Store\" style=\"border-radius: 4px; \"><\/a>\r\n<a href='https:\/\/play.google.com\/store\/apps\/details?id=com.estorm.autopassword&pcampaignid=pcampaignidMKT-Other-global-all-co-prtnr-py-PartBadge-Mar2515-1' style=\"display: inline-block; overflow: hidden; border-radius: 4px; width:130px;\"><img alt='Descargar en Google Play' src='https:\/\/play.google.com\/intl\/en_us\/badges\/static\/images\/badges\/en_badge_web_generic.png'\/><\/a>   \r\n<\/div>\r\n\t\t\t\t<\/div>\n\t\t\t\t<\/div>\n\t\t\t\t\t<\/div>\n\t\t<\/div>\n\t\t\t\t<div class=\"elementor-column elementor-col-33 elementor-top-column elementor-element elementor-element-0e04a4b\" data-id=\"0e04a4b\" data-element_type=\"column\" data-e-type=\"column\">\n\t\t\t<div class=\"elementor-widget-wrap elementor-element-populated\">\n\t\t\t\t\t\t<div class=\"elementor-element elementor-element-55c62c2 elementor-widget elementor-widget-image\" data-id=\"55c62c2\" data-element_type=\"widget\" data-e-type=\"widget\" data-widget_type=\"image.default\">\n\t\t\t\t<div class=\"elementor-widget-container\">\n\t\t\t\t\t\t\t\t\t\t\t\t\t\t\t<img decoding=\"async\" width=\"200\" height=\"270\" src=\"https:\/\/www.autootp.com\/wp-content\/uploads\/2024\/05\/a4-1.png\" class=\"attachment-full size-full wp-image-3427\" alt=\"\" \/>\t\t\t\t\t\t\t\t\t\t\t\t\t\t\t<\/div>\n\t\t\t\t<\/div>\n\t\t\t\t<div class=\"elementor-element elementor-element-1121fe0 elementor-widget elementor-widget-heading\" data-id=\"1121fe0\" data-element_type=\"widget\" data-e-type=\"widget\" data-widget_type=\"heading.default\">\n\t\t\t\t<div class=\"elementor-widget-container\">\n\t\t\t\t\t<h2 class=\"elementor-heading-title elementor-size-default\">Aplicaci\u00f3n servidor Passwordless X1280<\/h2>\t\t\t\t<\/div>\n\t\t\t\t<\/div>\n\t\t\t\t<div class=\"elementor-element elementor-element-6579cce elementor-align-center elementor-widget elementor-widget-button\" data-id=\"6579cce\" data-element_type=\"widget\" data-e-type=\"widget\" data-widget_type=\"button.default\">\n\t\t\t\t<div class=\"elementor-widget-container\">\n\t\t\t\t\t\t\t\t\t<div class=\"elementor-button-wrapper\">\n\t\t\t\t\t<a class=\"elementor-button elementor-button-link elementor-size-sm\" href=\"https:\/\/hub.docker.com\/r\/dualauth\/passwordless-x1280-single\" target=\"_blank\">\n\t\t\t\t\t\t<span class=\"elementor-button-content-wrapper\">\n\t\t\t\t\t\t<span class=\"elementor-button-icon\">\n\t\t\t\t<i aria-hidden=\"true\" class=\"fab fa-docker\"><\/i>\t\t\t<\/span>\n\t\t\t\t\t\t\t\t\t<span class=\"elementor-button-text\">Ir a Docker Hub<\/span>\n\t\t\t\t\t<\/span>\n\t\t\t\t\t<\/a>\n\t\t\t\t<\/div>\n\t\t\t\t\t\t\t\t<\/div>\n\t\t\t\t<\/div>\n\t\t\t\t\t<\/div>\n\t\t<\/div>\n\t\t\t\t\t<\/div>\n\t\t<\/section>\n\t\t\t\t<section class=\"elementor-section elementor-top-section elementor-element elementor-element-9ebc79d elementor-section-boxed elementor-section-height-default elementor-section-height-default\" data-id=\"9ebc79d\" data-element_type=\"section\" data-e-type=\"section\">\n\t\t\t\t\t\t<div class=\"elementor-container elementor-column-gap-default\">\n\t\t\t\t\t<div class=\"elementor-column elementor-col-33 elementor-top-column elementor-element elementor-element-6781daa\" data-id=\"6781daa\" data-element_type=\"column\" data-e-type=\"column\">\n\t\t\t<div class=\"elementor-widget-wrap elementor-element-populated\">\n\t\t\t\t\t\t<div class=\"elementor-element elementor-element-599c4e3 elementor-widget elementor-widget-image\" data-id=\"599c4e3\" data-element_type=\"widget\" data-e-type=\"widget\" data-widget_type=\"image.default\">\n\t\t\t\t<div class=\"elementor-widget-container\">\n\t\t\t\t\t\t\t\t\t\t\t\t\t\t\t<img loading=\"lazy\" decoding=\"async\" width=\"210\" height=\"277\" src=\"https:\/\/www.autootp.com\/wp-content\/uploads\/2024\/05\/a7.png\" class=\"attachment-full size-full wp-image-3428\" alt=\"\" \/>\t\t\t\t\t\t\t\t\t\t\t\t\t\t\t<\/div>\n\t\t\t\t<\/div>\n\t\t\t\t<div class=\"elementor-element elementor-element-6885f8c elementor-widget elementor-widget-heading\" data-id=\"6885f8c\" data-element_type=\"widget\" data-e-type=\"widget\" data-widget_type=\"heading.default\">\n\t\t\t\t<div class=\"elementor-widget-container\">\n\t\t\t\t\t<h2 class=\"elementor-heading-title elementor-size-default\">Gu\u00eda de experiencia<br>de usuario (UX)<br>de Passwordless X1280<\/h2>\t\t\t\t<\/div>\n\t\t\t\t<\/div>\n\t\t\t\t<div class=\"elementor-element elementor-element-e738cf9 elementor-align-center elementor-widget elementor-widget-button\" data-id=\"e738cf9\" data-element_type=\"widget\" data-e-type=\"widget\" data-widget_type=\"button.default\">\n\t\t\t\t<div class=\"elementor-widget-container\">\n\t\t\t\t\t\t\t\t\t<div class=\"elementor-button-wrapper\">\n\t\t\t\t\t<a class=\"elementor-button elementor-button-link elementor-size-sm\" href=\"https:\/\/www.figma.com\/community\/file\/1375759801925372298\" target=\"_blank\">\n\t\t\t\t\t\t<span class=\"elementor-button-content-wrapper\">\n\t\t\t\t\t\t<span class=\"elementor-button-icon\">\n\t\t\t\t<i aria-hidden=\"true\" class=\"fab fa-figma\"><\/i>\t\t\t<\/span>\n\t\t\t\t\t\t\t\t\t<span class=\"elementor-button-text\">Gu\u00eda UX<\/span>\n\t\t\t\t\t<\/span>\n\t\t\t\t\t<\/a>\n\t\t\t\t<\/div>\n\t\t\t\t\t\t\t\t<\/div>\n\t\t\t\t<\/div>\n\t\t\t\t\t<\/div>\n\t\t<\/div>\n\t\t\t\t<div class=\"elementor-column elementor-col-33 elementor-top-column elementor-element elementor-element-5a9eb8c\" data-id=\"5a9eb8c\" data-element_type=\"column\" data-e-type=\"column\">\n\t\t\t<div class=\"elementor-widget-wrap elementor-element-populated\">\n\t\t\t\t\t\t<div class=\"elementor-element elementor-element-d672b59 elementor-widget elementor-widget-image\" data-id=\"d672b59\" data-element_type=\"widget\" data-e-type=\"widget\" data-widget_type=\"image.default\">\n\t\t\t\t<div class=\"elementor-widget-container\">\n\t\t\t\t\t\t\t\t\t\t\t\t\t\t\t<img loading=\"lazy\" decoding=\"async\" width=\"216\" height=\"279\" src=\"https:\/\/www.autootp.com\/wp-content\/uploads\/2025\/07\/github_icon.png\" class=\"attachment-full size-full wp-image-3012\" alt=\"\" \/>\t\t\t\t\t\t\t\t\t\t\t\t\t\t\t<\/div>\n\t\t\t\t<\/div>\n\t\t\t\t<div class=\"elementor-element elementor-element-a81f45b elementor-widget elementor-widget-heading\" data-id=\"a81f45b\" data-element_type=\"widget\" data-e-type=\"widget\" data-widget_type=\"heading.default\">\n\t\t\t\t<div class=\"elementor-widget-container\">\n\t\t\t\t\t<h2 class=\"elementor-heading-title elementor-size-default\">Repositorios de GitHub<br>de la Passwordless Alliance<\/h2>\t\t\t\t<\/div>\n\t\t\t\t<\/div>\n\t\t\t\t<div class=\"elementor-element elementor-element-c3d0d0c elementor-align-center elementor-widget elementor-widget-button\" data-id=\"c3d0d0c\" data-element_type=\"widget\" data-e-type=\"widget\" data-widget_type=\"button.default\">\n\t\t\t\t<div class=\"elementor-widget-container\">\n\t\t\t\t\t\t\t\t\t<div class=\"elementor-button-wrapper\">\n\t\t\t\t\t<a class=\"elementor-button elementor-button-link elementor-size-sm\" href=\"https:\/\/github.com\/PasswordlessAlliance\" target=\"_blank\">\n\t\t\t\t\t\t<span class=\"elementor-button-content-wrapper\">\n\t\t\t\t\t\t\t\t\t<span class=\"elementor-button-text\">Ir a GitHub<\/span>\n\t\t\t\t\t<\/span>\n\t\t\t\t\t<\/a>\n\t\t\t\t<\/div>\n\t\t\t\t\t\t\t\t<\/div>\n\t\t\t\t<\/div>\n\t\t\t\t\t<\/div>\n\t\t<\/div>\n\t\t\t\t<div class=\"elementor-column elementor-col-33 elementor-top-column elementor-element elementor-element-64c1391\" data-id=\"64c1391\" data-element_type=\"column\" data-e-type=\"column\">\n\t\t\t<div class=\"elementor-widget-wrap elementor-element-populated\">\n\t\t\t\t\t\t<div class=\"elementor-element elementor-element-8c4fd7a elementor-widget elementor-widget-image\" data-id=\"8c4fd7a\" data-element_type=\"widget\" data-e-type=\"widget\" data-widget_type=\"image.default\">\n\t\t\t\t<div class=\"elementor-widget-container\">\n\t\t\t\t\t\t\t\t\t\t\t\t\t\t\t<img loading=\"lazy\" decoding=\"async\" width=\"211\" height=\"278\" src=\"https:\/\/www.autootp.com\/wp-content\/uploads\/2025\/07\/youtube_btn2.png\" class=\"attachment-full size-full wp-image-3022\" alt=\"\" \/>\t\t\t\t\t\t\t\t\t\t\t\t\t\t\t<\/div>\n\t\t\t\t<\/div>\n\t\t\t\t<div class=\"elementor-element elementor-element-6e2910a elementor-widget elementor-widget-heading\" data-id=\"6e2910a\" data-element_type=\"widget\" data-e-type=\"widget\" data-widget_type=\"heading.default\">\n\t\t\t\t<div class=\"elementor-widget-container\">\n\t\t\t\t\t<h2 class=\"elementor-heading-title elementor-size-default\">Canal de YouTube<br>de la Passwordless Alliance<\/h2>\t\t\t\t<\/div>\n\t\t\t\t<\/div>\n\t\t\t\t<div class=\"elementor-element elementor-element-bfe0977 elementor-align-center elementor-widget elementor-widget-button\" data-id=\"bfe0977\" data-element_type=\"widget\" data-e-type=\"widget\" data-widget_type=\"button.default\">\n\t\t\t\t<div class=\"elementor-widget-container\">\n\t\t\t\t\t\t\t\t\t<div class=\"elementor-button-wrapper\">\n\t\t\t\t\t<a class=\"elementor-button elementor-button-link elementor-size-sm\" href=\"https:\/\/www.youtube.com\/@passwordless-alliance\" target=\"_blank\">\n\t\t\t\t\t\t<span class=\"elementor-button-content-wrapper\">\n\t\t\t\t\t\t\t\t\t<span class=\"elementor-button-text\">Ir al canal de YouTube<\/span>\n\t\t\t\t\t<\/span>\n\t\t\t\t\t<\/a>\n\t\t\t\t<\/div>\n\t\t\t\t\t\t\t\t<\/div>\n\t\t\t\t<\/div>\n\t\t\t\t\t<\/div>\n\t\t<\/div>\n\t\t\t\t\t<\/div>\n\t\t<\/section>\n\t\t\t\t<\/div>\n\t\t","protected":false},"excerpt":{"rendered":"<p>Recursos Passwordless X1280Est\u00e1ndar ITU Ir a ITU Aplicaci\u00f3n m\u00f3vil Passwordless X1280 Aplicaci\u00f3n servidor Passwordless X1280 Ir a Docker Hub Gu\u00eda de experienciade usuario (UX)de Passwordless X1280 Gu\u00eda UX Repositorios de GitHubde la Passwordless Alliance Ir a GitHub Canal de YouTubede la Passwordless Alliance Ir al canal de YouTube<\/p>\n","protected":false},"author":6,"featured_media":0,"parent":0,"menu_order":50,"comment_status":"closed","ping_status":"closed","template":"","meta":{"footnotes":""},"class_list":["post-3420","page","type-page","status-publish","hentry"],"yoast_head":"<!-- This site is optimized with the Yoast SEO plugin v27.1.1 - https:\/\/yoast.com\/product\/yoast-seo-wordpress\/ -->\n<title>Resources - Passwordless Alliance<\/title>\n<meta name=\"robots\" content=\"index, follow, max-snippet:-1, max-image-preview:large, max-video-preview:-1\" \/>\n<link rel=\"canonical\" href=\"https:\/\/www.autootp.org\/es\/resources\/\" \/>\n<meta property=\"og:locale\" content=\"es_ES\" \/>\n<meta property=\"og:type\" content=\"article\" \/>\n<meta property=\"og:title\" content=\"Resources - Passwordless Alliance\" \/>\n<meta property=\"og:description\" content=\"Recursos Passwordless X1280Est\u00e1ndar ITU Ir a ITU Aplicaci\u00f3n m\u00f3vil Passwordless X1280 Aplicaci\u00f3n servidor Passwordless X1280 Ir a Docker Hub Gu\u00eda de experienciade usuario (UX)de Passwordless X1280 Gu\u00eda UX Repositorios de GitHubde la Passwordless Alliance Ir a GitHub Canal de YouTubede la Passwordless Alliance Ir al canal de YouTube\" \/>\n<meta property=\"og:url\" content=\"https:\/\/www.autootp.org\/es\/resources\/\" \/>\n<meta property=\"og:site_name\" content=\"Passwordless Alliance\" \/>\n<meta property=\"article:modified_time\" content=\"2025-12-16T06:22:46+00:00\" \/>\n<meta property=\"og:image\" content=\"https:\/\/www.passwordlessalliance.org\/wp-content\/uploads\/2024\/05\/a2-1.png\" \/>\n<meta name=\"twitter:card\" content=\"summary_large_image\" \/>\n<script type=\"application\/ld+json\" class=\"yoast-schema-graph\">{\"@context\":\"https:\/\/schema.org\",\"@graph\":[{\"@type\":\"WebPage\",\"@id\":\"https:\/\/www.autootp.org\/es\/resources\/\",\"url\":\"https:\/\/www.autootp.org\/es\/resources\/\",\"name\":\"Resources - Passwordless Alliance\",\"isPartOf\":{\"@id\":\"https:\/\/www.passwordlessalliance.org\/en\/#website\"},\"primaryImageOfPage\":{\"@id\":\"https:\/\/www.autootp.org\/es\/resources\/#primaryimage\"},\"image\":{\"@id\":\"https:\/\/www.autootp.org\/es\/resources\/#primaryimage\"},\"thumbnailUrl\":\"https:\/\/www.passwordlessalliance.org\/wp-content\/uploads\/2024\/05\/a2-1.png\",\"datePublished\":\"2024-05-22T09:13:47+00:00\",\"dateModified\":\"2025-12-16T06:22:46+00:00\",\"breadcrumb\":{\"@id\":\"https:\/\/www.autootp.org\/es\/resources\/#breadcrumb\"},\"inLanguage\":\"es\",\"potentialAction\":[{\"@type\":\"ReadAction\",\"target\":[\"https:\/\/www.autootp.org\/es\/resources\/\"]}]},{\"@type\":\"ImageObject\",\"inLanguage\":\"es\",\"@id\":\"https:\/\/www.autootp.org\/es\/resources\/#primaryimage\",\"url\":\"https:\/\/www.passwordlessalliance.org\/wp-content\/uploads\/2024\/05\/a2-1.png\",\"contentUrl\":\"https:\/\/www.passwordlessalliance.org\/wp-content\/uploads\/2024\/05\/a2-1.png\"},{\"@type\":\"BreadcrumbList\",\"@id\":\"https:\/\/www.autootp.org\/es\/resources\/#breadcrumb\",\"itemListElement\":[{\"@type\":\"ListItem\",\"position\":1,\"name\":\"Home\",\"item\":\"https:\/\/www.passwordlessalliance.org\/es\/\"},{\"@type\":\"ListItem\",\"position\":2,\"name\":\"Resources\"}]},{\"@type\":\"WebSite\",\"@id\":\"https:\/\/www.passwordlessalliance.org\/en\/#website\",\"url\":\"https:\/\/www.passwordlessalliance.org\/en\/\",\"name\":\"Passwordless Alliance\",\"description\":\"\",\"publisher\":{\"@id\":\"https:\/\/www.passwordlessalliance.org\/en\/#organization\"},\"potentialAction\":[{\"@type\":\"SearchAction\",\"target\":{\"@type\":\"EntryPoint\",\"urlTemplate\":\"https:\/\/www.passwordlessalliance.org\/en\/?s={search_term_string}\"},\"query-input\":{\"@type\":\"PropertyValueSpecification\",\"valueRequired\":true,\"valueName\":\"search_term_string\"}}],\"inLanguage\":\"es\"},{\"@type\":\"Organization\",\"@id\":\"https:\/\/www.passwordlessalliance.org\/en\/#organization\",\"name\":\"Passwordless Alliance\",\"url\":\"https:\/\/www.passwordlessalliance.org\/en\/\",\"logo\":{\"@type\":\"ImageObject\",\"inLanguage\":\"es\",\"@id\":\"https:\/\/www.passwordlessalliance.org\/en\/#\/schema\/logo\/image\/\",\"url\":\"https:\/\/www.autootp.com\/wp-content\/uploads\/2025\/10\/PA-Logo.png\",\"contentUrl\":\"https:\/\/www.autootp.com\/wp-content\/uploads\/2025\/10\/PA-Logo.png\",\"width\":494,\"height\":55,\"caption\":\"Passwordless Alliance\"},\"image\":{\"@id\":\"https:\/\/www.passwordlessalliance.org\/en\/#\/schema\/logo\/image\/\"}}]}<\/script>\n<!-- \/ Yoast SEO plugin. -->","yoast_head_json":{"title":"Resources - Passwordless Alliance","robots":{"index":"index","follow":"follow","max-snippet":"max-snippet:-1","max-image-preview":"max-image-preview:large","max-video-preview":"max-video-preview:-1"},"canonical":"https:\/\/www.autootp.org\/es\/resources\/","og_locale":"es_ES","og_type":"article","og_title":"Resources - Passwordless Alliance","og_description":"Recursos Passwordless X1280Est\u00e1ndar ITU Ir a ITU Aplicaci\u00f3n m\u00f3vil Passwordless X1280 Aplicaci\u00f3n servidor Passwordless X1280 Ir a Docker Hub Gu\u00eda de experienciade usuario (UX)de Passwordless X1280 Gu\u00eda UX Repositorios de GitHubde la Passwordless Alliance Ir a GitHub Canal de YouTubede la Passwordless Alliance Ir al canal de YouTube","og_url":"https:\/\/www.autootp.org\/es\/resources\/","og_site_name":"Passwordless Alliance","article_modified_time":"2025-12-16T06:22:46+00:00","og_image":[{"url":"https:\/\/www.passwordlessalliance.org\/wp-content\/uploads\/2024\/05\/a2-1.png","type":"","width":"","height":""}],"twitter_card":"summary_large_image","schema":{"@context":"https:\/\/schema.org","@graph":[{"@type":"WebPage","@id":"https:\/\/www.autootp.org\/es\/resources\/","url":"https:\/\/www.autootp.org\/es\/resources\/","name":"Resources - Passwordless Alliance","isPartOf":{"@id":"https:\/\/www.passwordlessalliance.org\/en\/#website"},"primaryImageOfPage":{"@id":"https:\/\/www.autootp.org\/es\/resources\/#primaryimage"},"image":{"@id":"https:\/\/www.autootp.org\/es\/resources\/#primaryimage"},"thumbnailUrl":"https:\/\/www.passwordlessalliance.org\/wp-content\/uploads\/2024\/05\/a2-1.png","datePublished":"2024-05-22T09:13:47+00:00","dateModified":"2025-12-16T06:22:46+00:00","breadcrumb":{"@id":"https:\/\/www.autootp.org\/es\/resources\/#breadcrumb"},"inLanguage":"es","potentialAction":[{"@type":"ReadAction","target":["https:\/\/www.autootp.org\/es\/resources\/"]}]},{"@type":"ImageObject","inLanguage":"es","@id":"https:\/\/www.autootp.org\/es\/resources\/#primaryimage","url":"https:\/\/www.passwordlessalliance.org\/wp-content\/uploads\/2024\/05\/a2-1.png","contentUrl":"https:\/\/www.passwordlessalliance.org\/wp-content\/uploads\/2024\/05\/a2-1.png"},{"@type":"BreadcrumbList","@id":"https:\/\/www.autootp.org\/es\/resources\/#breadcrumb","itemListElement":[{"@type":"ListItem","position":1,"name":"Home","item":"https:\/\/www.passwordlessalliance.org\/es\/"},{"@type":"ListItem","position":2,"name":"Resources"}]},{"@type":"WebSite","@id":"https:\/\/www.passwordlessalliance.org\/en\/#website","url":"https:\/\/www.passwordlessalliance.org\/en\/","name":"Passwordless Alliance","description":"","publisher":{"@id":"https:\/\/www.passwordlessalliance.org\/en\/#organization"},"potentialAction":[{"@type":"SearchAction","target":{"@type":"EntryPoint","urlTemplate":"https:\/\/www.passwordlessalliance.org\/en\/?s={search_term_string}"},"query-input":{"@type":"PropertyValueSpecification","valueRequired":true,"valueName":"search_term_string"}}],"inLanguage":"es"},{"@type":"Organization","@id":"https:\/\/www.passwordlessalliance.org\/en\/#organization","name":"Passwordless Alliance","url":"https:\/\/www.passwordlessalliance.org\/en\/","logo":{"@type":"ImageObject","inLanguage":"es","@id":"https:\/\/www.passwordlessalliance.org\/en\/#\/schema\/logo\/image\/","url":"https:\/\/www.autootp.com\/wp-content\/uploads\/2025\/10\/PA-Logo.png","contentUrl":"https:\/\/www.autootp.com\/wp-content\/uploads\/2025\/10\/PA-Logo.png","width":494,"height":55,"caption":"Passwordless Alliance"},"image":{"@id":"https:\/\/www.passwordlessalliance.org\/en\/#\/schema\/logo\/image\/"}}]}},"jetpack_sharing_enabled":true,"_links":{"self":[{"href":"https:\/\/www.autootp.com\/es\/wp-json\/wp\/v2\/pages\/3420","targetHints":{"allow":["GET"]}}],"collection":[{"href":"https:\/\/www.autootp.com\/es\/wp-json\/wp\/v2\/pages"}],"about":[{"href":"https:\/\/www.autootp.com\/es\/wp-json\/wp\/v2\/types\/page"}],"author":[{"embeddable":true,"href":"https:\/\/www.autootp.com\/es\/wp-json\/wp\/v2\/users\/6"}],"replies":[{"embeddable":true,"href":"https:\/\/www.autootp.com\/es\/wp-json\/wp\/v2\/comments?post=3420"}],"version-history":[{"count":8,"href":"https:\/\/www.autootp.com\/es\/wp-json\/wp\/v2\/pages\/3420\/revisions"}],"predecessor-version":[{"id":4785,"href":"https:\/\/www.autootp.com\/es\/wp-json\/wp\/v2\/pages\/3420\/revisions\/4785"}],"wp:attachment":[{"href":"https:\/\/www.autootp.com\/es\/wp-json\/wp\/v2\/media?parent=3420"}],"curies":[{"name":"wp","href":"https:\/\/api.w.org\/{rel}","templated":true}]}}