{"id":4381,"date":"2024-06-01T10:24:24","date_gmt":"2024-06-01T10:24:24","guid":{"rendered":"https:\/\/www.autootp.com\/creando-un-mundo-sin-contrasenas\/"},"modified":"2025-12-12T09:33:39","modified_gmt":"2025-12-12T09:33:39","slug":"creating-a-world-without-passwords","status":"publish","type":"page","link":"https:\/\/www.autootp.com\/es\/","title":{"rendered":"Creating a World Without Passwords"},"content":{"rendered":"\t\t<div data-elementor-type=\"wp-page\" data-elementor-id=\"4381\" class=\"elementor elementor-4381 elementor-1191\" data-elementor-post-type=\"page\">\n\t\t\t\t\t\t<section class=\"elementor-section elementor-top-section elementor-element elementor-element-59fce9f4 elementor-section-boxed elementor-section-height-default elementor-section-height-default\" data-id=\"59fce9f4\" data-element_type=\"section\" data-e-type=\"section\">\n\t\t\t\t\t\t\t<div class=\"elementor-background-overlay\"><\/div>\n\t\t\t\t\t\t\t<div class=\"elementor-container elementor-column-gap-default\">\n\t\t\t\t\t<div class=\"elementor-column elementor-col-100 elementor-top-column elementor-element elementor-element-793bd51c\" data-id=\"793bd51c\" data-element_type=\"column\" data-e-type=\"column\">\n\t\t\t<div class=\"elementor-widget-wrap elementor-element-populated\">\n\t\t\t\t\t\t<div class=\"elementor-element elementor-element-1fdb489 caaaaaa elementor--h-position-center elementor--v-position-middle elementor-pagination-position-inside elementor-widget elementor-widget-slides\" data-id=\"1fdb489\" data-element_type=\"widget\" data-e-type=\"widget\" data-settings=\"{&quot;navigation&quot;:&quot;dots&quot;,&quot;transition&quot;:&quot;fade&quot;,&quot;transition_speed&quot;:900,&quot;autoplay_speed&quot;:8000,&quot;autoplay&quot;:&quot;yes&quot;,&quot;pause_on_hover&quot;:&quot;yes&quot;,&quot;pause_on_interaction&quot;:&quot;yes&quot;,&quot;infinite&quot;:&quot;yes&quot;}\" data-widget_type=\"slides.default\">\n\t\t\t\t<div class=\"elementor-widget-container\">\n\t\t\t\t\t\t\t\t\t<div class=\"elementor-swiper\">\n\t\t\t\t\t<div class=\"elementor-slides-wrapper elementor-main-swiper swiper\" role=\"region\" aria-roledescription=\"carousel\" aria-label=\"Slides\" dir=\"ltr\" data-animation=\"\">\n\t\t\t\t<div class=\"swiper-wrapper elementor-slides\">\n\t\t\t\t\t\t\t\t\t\t<div class=\"elementor-repeater-item-c9fdc7e swiper-slide\" role=\"group\" aria-roledescription=\"slide\"><div class=\"swiper-slide-bg\" role=\"img\" aria-label=\"banner_bg_wsis2025\"><\/div><div class=\"swiper-slide-inner\" ><div class=\"swiper-slide-contents\"><div class=\"elementor-slide-heading\">La Passwordless Alliance seleccionada para el evento de alto nivel de la CMSI 2025<\/div><div class=\"elementor-slide-description\"><p>La Passwordless Alliance subir\u00e1 al escenario como evento de alto nivel 2025 en la CMSI+20 en Ginebra, destacando casos de \u00e9xito reales de Ecuador, Francia y Corea. Estos pa\u00edses han reforzado la seguridad y mejorado la comodidad mediante una tecnolog\u00eda sin contrase\u00f1as que traslada la carga de la prueba del usuario al servicio.<\/p>\n<p><\/p>\n<p>Los expertos de la Passwordless Alliance y sus socios internacionales presentar\u00e1n las mejores pr\u00e1cticas y conocimientos t\u00e9cnicos que allanan el camino hacia una sociedad de la informaci\u00f3n verdaderamente sin contrase\u00f1as. \u00danase a ellos para ver c\u00f3mo Passwordless X1280 permite a los servicios en l\u00ednea globales eliminar las contrase\u00f1as por completo, sin coste alguno.<\/p>\n<\/div><\/div><\/div><\/div><div class=\"elementor-repeater-item-d1d5ec4 swiper-slide\" role=\"group\" aria-roledescription=\"slide\"><div class=\"swiper-slide-bg\" role=\"img\" aria-label=\"a111111\"><\/div><div class=\"swiper-slide-inner\" ><div class=\"swiper-slide-contents\"><div class=\"elementor-slide-heading\">\u00bfLos usuarios siguen introduciendo sus contrase\u00f1as?<\/div><div class=\"elementor-slide-description\"><p>El m\u00e9todo de introducci\u00f3n de contrase\u00f1as no solo impone a los usuarios la carga administrativa de recordar y cambiar las contrase\u00f1as, sino que tambi\u00e9n les obliga a utilizar la misma contrase\u00f1a para todos los servicios en l\u00ednea.<\/p>\n<p><\/p>\n<p>Si busca una tecnolog\u00eda sin contrase\u00f1as c\u00f3moda y segura basada en est\u00e1ndares internacionales, utilice Passwordless X1280, donde el servicio sugiere autom\u00e1ticamente la contrase\u00f1a autom\u00e1tica. Passwordless X1280 est\u00e1 disponible de forma gratuita en todos los servicios en l\u00ednea B2C.<\/p>\n<\/div><\/div><\/div><\/div><div class=\"elementor-repeater-item-09ee72d swiper-slide\" role=\"group\" aria-roledescription=\"slide\"><div class=\"swiper-slide-bg\" role=\"img\" aria-label=\"a111111\"><\/div><div class=\"swiper-slide-inner\" ><div class=\"swiper-slide-contents\"><div class=\"elementor-slide-heading\">\u00bfSe sigue trasladando la responsabilidad de la autenticaci\u00f3n a los usuarios?<\/div><div class=\"elementor-slide-description\"><p>La autenticaci\u00f3n de usuarios basada en entradas no solo causa inconvenientes a los usuarios, sino que tambi\u00e9n es vulnerable a ataques de phishing o pharming. Ayude a los usuarios a utilizar el servicio con confianza introduciendo un m\u00e9todo de autenticaci\u00f3n de servicios basado en salidas, en el que el servicio en l\u00ednea asume la responsabilidad de la autenticaci\u00f3n.<\/p>\n<p><\/p>\n<p>La norma internacional ITU X.1280 es una tecnolog\u00eda de autenticaci\u00f3n mutua que permite a los usuarios verificar los servicios en l\u00ednea. Si busca una tecnolog\u00eda de autenticaci\u00f3n segura, adopte la tecnolog\u00eda de autenticaci\u00f3n mutua que permite a los usuarios verificar los servicios. La tecnolog\u00eda de autenticaci\u00f3n mutua X1280 sin contrase\u00f1a se puede utilizar de forma gratuita en todos los servicios en l\u00ednea B2C.<\/p>\n<\/div><\/div><\/div><\/div><div class=\"elementor-repeater-item-1061e16 swiper-slide\" role=\"group\" aria-roledescription=\"slide\"><div class=\"swiper-slide-bg\" role=\"img\" aria-label=\"a111111\"><\/div><div class=\"swiper-slide-inner\" ><div class=\"swiper-slide-contents\"><div class=\"elementor-slide-heading\">\u00bfSiguen los usuarios asumiendo el coste de los costosos sensores biom\u00e9tricos?<\/div><div class=\"elementor-slide-description\"><p>La tecnolog\u00eda de autenticaci\u00f3n biom\u00e9trica tradicional requiere un sensor biom\u00e9trico en cada dispositivo de usuario, lo que significa que los usuarios deben conectar un sensor biom\u00e9trico a cada uno de sus dispositivos. Pruebe a utilizar la tecnolog\u00eda de autenticaci\u00f3n biom\u00e9trica fuera de banda, que no requiere un sensor biom\u00e9trico en cada dispositivo de usuario. La tecnolog\u00eda de autenticaci\u00f3n biom\u00e9trica fuera de banda es el m\u00e9todo de autenticaci\u00f3n biom\u00e9trica m\u00e1s sencillo y rentable.<\/p>\n<p><\/p>\n<p>La norma internacional ITU X.1280 es una tecnolog\u00eda de autenticaci\u00f3n biom\u00e9trica fuera de banda independiente del dispositivo. Con la tecnolog\u00eda de autenticaci\u00f3n biom\u00e9trica fuera de banda, no es necesario equipar cada dispositivo con un sensor biom\u00e9trico, ya que el sensor biom\u00e9trico de un smartphone puede conectarse a todos los dispositivos del usuario. Passwordless X1280, que incorpora la tecnolog\u00eda de autenticaci\u00f3n biom\u00e9trica fuera de banda, est\u00e1 disponible de forma gratuita para todos los servicios online B2C.<\/p>\n<\/div><\/div><\/div><\/div>\t\t\t\t<\/div>\n\t\t\t\t\t\t\t\t\t\t\t\t\t\t\t\t\t\t\t\t<div class=\"swiper-pagination\"><\/div>\n\t\t\t\t\t\t\t\t\t\t\t\t<\/div>\n\t\t\t\t<\/div>\n\t\t\t\t\t\t\t\t<\/div>\n\t\t\t\t<\/div>\n\t\t\t\t\t<\/div>\n\t\t<\/div>\n\t\t\t\t\t<\/div>\n\t\t<\/section>\n\t\t\t\t<section class=\"elementor-section elementor-top-section elementor-element elementor-element-2317f15 elementor-section-boxed elementor-section-height-default elementor-section-height-default\" data-id=\"2317f15\" data-element_type=\"section\" data-e-type=\"section\">\n\t\t\t\t\t\t<div class=\"elementor-container elementor-column-gap-default\">\n\t\t\t\t\t<div class=\"elementor-column elementor-col-100 elementor-top-column elementor-element elementor-element-ed6dbee\" data-id=\"ed6dbee\" data-element_type=\"column\" data-e-type=\"column\">\n\t\t\t<div class=\"elementor-widget-wrap\">\n\t\t\t\t\t\t\t<\/div>\n\t\t<\/div>\n\t\t\t\t\t<\/div>\n\t\t<\/section>\n\t\t\t\t<section class=\"elementor-section elementor-top-section elementor-element elementor-element-9c07fc7 elementor-section-boxed elementor-section-height-default elementor-section-height-default\" data-id=\"9c07fc7\" data-element_type=\"section\" data-e-type=\"section\">\n\t\t\t\t\t\t<div class=\"elementor-container elementor-column-gap-default\">\n\t\t\t\t\t<div class=\"elementor-column elementor-col-100 elementor-top-column elementor-element elementor-element-4a38408\" data-id=\"4a38408\" data-element_type=\"column\" data-e-type=\"column\">\n\t\t\t<div class=\"elementor-widget-wrap elementor-element-populated\">\n\t\t\t\t\t\t<div class=\"elementor-element elementor-element-68ba87b elementor-widget elementor-widget-heading\" data-id=\"68ba87b\" data-element_type=\"widget\" data-e-type=\"widget\" data-widget_type=\"heading.default\">\n\t\t\t\t<div class=\"elementor-widget-container\">\n\t\t\t\t\t<h2 class=\"elementor-heading-title elementor-size-default\">El problema de las contrase\u00f1as no es solo un problema de los usuarios.<\/h2>\t\t\t\t<\/div>\n\t\t\t\t<\/div>\n\t\t\t\t\t<\/div>\n\t\t<\/div>\n\t\t\t\t\t<\/div>\n\t\t<\/section>\n\t\t\t\t<section class=\"elementor-section elementor-top-section elementor-element elementor-element-a205255 elementor-section-boxed elementor-section-height-default elementor-section-height-default\" data-id=\"a205255\" data-element_type=\"section\" data-e-type=\"section\">\n\t\t\t\t\t\t\t<div class=\"elementor-background-overlay\"><\/div>\n\t\t\t\t\t\t\t<div class=\"elementor-container elementor-column-gap-default\">\n\t\t\t\t\t<div class=\"elementor-column elementor-col-100 elementor-top-column elementor-element elementor-element-77c5c7f\" data-id=\"77c5c7f\" data-element_type=\"column\" data-e-type=\"column\">\n\t\t\t<div class=\"elementor-widget-wrap elementor-element-populated\">\n\t\t\t\t\t\t<section class=\"elementor-section elementor-inner-section elementor-element elementor-element-b25da6c elementor-section-boxed elementor-section-height-default elementor-section-height-default\" data-id=\"b25da6c\" data-element_type=\"section\" data-e-type=\"section\">\n\t\t\t\t\t\t<div class=\"elementor-container elementor-column-gap-default\">\n\t\t\t\t\t<div class=\"elementor-column elementor-col-50 elementor-inner-column elementor-element elementor-element-4f6db71\" data-id=\"4f6db71\" data-element_type=\"column\" data-e-type=\"column\">\n\t\t\t<div class=\"elementor-widget-wrap elementor-element-populated\">\n\t\t\t\t\t\t<div class=\"elementor-element elementor-element-dc622ec elementor-widget elementor-widget-image\" data-id=\"dc622ec\" data-element_type=\"widget\" data-e-type=\"widget\" data-widget_type=\"image.default\">\n\t\t\t\t<div class=\"elementor-widget-container\">\n\t\t\t\t\t\t\t\t\t\t\t\t\t\t\t<img decoding=\"async\" src=\"https:\/\/www.autootp.com\/wp-content\/uploads\/2021\/11\/img_03.png\" title=\"\" alt=\"\" loading=\"lazy\" \/>\t\t\t\t\t\t\t\t\t\t\t\t\t\t\t<\/div>\n\t\t\t\t<\/div>\n\t\t\t\t\t<\/div>\n\t\t<\/div>\n\t\t\t\t<div class=\"elementor-column elementor-col-50 elementor-inner-column elementor-element elementor-element-9733b7e\" data-id=\"9733b7e\" data-element_type=\"column\" data-e-type=\"column\">\n\t\t\t<div class=\"elementor-widget-wrap elementor-element-populated\">\n\t\t\t\t\t\t<div class=\"elementor-element elementor-element-350a785 elementor-widget elementor-widget-heading\" data-id=\"350a785\" data-element_type=\"widget\" data-e-type=\"widget\" data-widget_type=\"heading.default\">\n\t\t\t\t<div class=\"elementor-widget-container\">\n\t\t\t\t\t<h2 class=\"elementor-heading-title elementor-size-default\">\u00a1Es un problema social que todos debemos abordar juntos!<\/h2>\t\t\t\t<\/div>\n\t\t\t\t<\/div>\n\t\t\t\t<div class=\"elementor-element elementor-element-c11946f elementor-widget elementor-widget-heading\" data-id=\"c11946f\" data-element_type=\"widget\" data-e-type=\"widget\" data-widget_type=\"heading.default\">\n\t\t\t\t<div class=\"elementor-widget-container\">\n\t\t\t\t\t<p class=\"elementor-heading-title elementor-size-default\">La Passwordless Alliance lidera un movimiento global sin contrase\u00f1as para resolver el problema de las contrase\u00f1as de los usuarios en colaboraci\u00f3n con usuarios, servicios en l\u00ednea, agencias gubernamentales, asociaciones, instituciones educativas y empresas de desarrollo. Adem\u00e1s de fomentar la cooperaci\u00f3n entre las organizaciones participantes, la Passwordless Alliance est\u00e1 abordando de forma pr\u00e1ctica el problema de las contrase\u00f1as mediante la distribuci\u00f3n gratuita del software Passwordless X1280, basado en tecnolog\u00eda est\u00e1ndar internacional, a todos los servicios en l\u00ednea B2C del mundo. Si desea ayudar a crear un mundo digital sin contrase\u00f1as, \u00fanase a la Alianza sin Contrase\u00f1as como miembro.<\/p>\t\t\t\t<\/div>\n\t\t\t\t<\/div>\n\t\t\t\t\t<\/div>\n\t\t<\/div>\n\t\t\t\t\t<\/div>\n\t\t<\/section>\n\t\t\t\t\t<\/div>\n\t\t<\/div>\n\t\t\t\t\t<\/div>\n\t\t<\/section>\n\t\t\t\t<\/div>\n\t\t","protected":false},"excerpt":{"rendered":"<p>La Passwordless Alliance seleccionada para el evento de alto nivel de la CMSI 2025 La Passwordless Alliance subir\u00e1 al escenario como evento de alto nivel 2025 en la CMSI+20 en Ginebra, destacando casos de \u00e9xito reales de Ecuador, Francia y Corea. Estos pa\u00edses han reforzado la seguridad y mejorado la comodidad mediante una tecnolog\u00eda sin [&hellip;]<\/p>\n","protected":false},"author":13,"featured_media":0,"parent":0,"menu_order":5,"comment_status":"closed","ping_status":"closed","template":"","meta":{"footnotes":""},"class_list":["post-4381","page","type-page","status-publish","hentry"],"yoast_head":"<!-- This site is optimized with the Yoast SEO plugin v27.1.1 - https:\/\/yoast.com\/product\/yoast-seo-wordpress\/ -->\n<title>Creating a World Without Passwords - Passwordless Alliance<\/title>\n<meta name=\"robots\" content=\"index, follow, max-snippet:-1, max-image-preview:large, max-video-preview:-1\" \/>\n<link rel=\"canonical\" href=\"https:\/\/www.autootp.org\/es\/\" \/>\n<meta property=\"og:locale\" content=\"es_ES\" \/>\n<meta property=\"og:type\" content=\"article\" \/>\n<meta property=\"og:title\" content=\"Creating a World Without Passwords - Passwordless Alliance\" \/>\n<meta property=\"og:description\" content=\"La Passwordless Alliance seleccionada para el evento de alto nivel de la CMSI 2025 La Passwordless Alliance subir\u00e1 al escenario como evento de alto nivel 2025 en la CMSI+20 en Ginebra, destacando casos de \u00e9xito reales de Ecuador, Francia y Corea. Estos pa\u00edses han reforzado la seguridad y mejorado la comodidad mediante una tecnolog\u00eda sin [&hellip;]\" \/>\n<meta property=\"og:url\" content=\"https:\/\/www.autootp.org\/es\/\" \/>\n<meta property=\"og:site_name\" content=\"Passwordless Alliance\" \/>\n<meta property=\"article:modified_time\" content=\"2025-12-12T09:33:39+00:00\" \/>\n<meta property=\"og:image\" content=\"https:\/\/www.passwordlessalliance.org\/wp-content\/uploads\/2021\/11\/img_03.png\" \/>\n<meta name=\"twitter:card\" content=\"summary_large_image\" \/>\n<meta name=\"twitter:label1\" content=\"Tiempo de lectura\" \/>\n\t<meta name=\"twitter:data1\" content=\"9 minutos\" \/>\n<script type=\"application\/ld+json\" class=\"yoast-schema-graph\">{\"@context\":\"https:\/\/schema.org\",\"@graph\":[{\"@type\":\"WebPage\",\"@id\":\"https:\/\/www.autootp.org\/es\/\",\"url\":\"https:\/\/www.autootp.org\/es\/\",\"name\":\"Creating a World Without Passwords - Passwordless Alliance\",\"isPartOf\":{\"@id\":\"https:\/\/www.passwordlessalliance.org\/en\/#website\"},\"primaryImageOfPage\":{\"@id\":\"https:\/\/www.autootp.org\/es\/#primaryimage\"},\"image\":{\"@id\":\"https:\/\/www.autootp.org\/es\/#primaryimage\"},\"thumbnailUrl\":\"https:\/\/www.passwordlessalliance.org\/wp-content\/uploads\/2021\/11\/img_03.png\",\"datePublished\":\"2024-06-01T10:24:24+00:00\",\"dateModified\":\"2025-12-12T09:33:39+00:00\",\"breadcrumb\":{\"@id\":\"https:\/\/www.autootp.org\/es\/#breadcrumb\"},\"inLanguage\":\"es\",\"potentialAction\":[{\"@type\":\"ReadAction\",\"target\":[\"https:\/\/www.autootp.org\/es\/\"]}]},{\"@type\":\"ImageObject\",\"inLanguage\":\"es\",\"@id\":\"https:\/\/www.autootp.org\/es\/#primaryimage\",\"url\":\"https:\/\/www.passwordlessalliance.org\/wp-content\/uploads\/2021\/11\/img_03.png\",\"contentUrl\":\"https:\/\/www.passwordlessalliance.org\/wp-content\/uploads\/2021\/11\/img_03.png\"},{\"@type\":\"BreadcrumbList\",\"@id\":\"https:\/\/www.autootp.org\/es\/#breadcrumb\",\"itemListElement\":[{\"@type\":\"ListItem\",\"position\":1,\"name\":\"Home\",\"item\":\"https:\/\/www.autootp.org\/es\/\"},{\"@type\":\"ListItem\",\"position\":2,\"name\":\"Creating a World Without Passwords\"}]},{\"@type\":\"WebSite\",\"@id\":\"https:\/\/www.passwordlessalliance.org\/en\/#website\",\"url\":\"https:\/\/www.passwordlessalliance.org\/en\/\",\"name\":\"Passwordless Alliance\",\"description\":\"\",\"publisher\":{\"@id\":\"https:\/\/www.passwordlessalliance.org\/en\/#organization\"},\"potentialAction\":[{\"@type\":\"SearchAction\",\"target\":{\"@type\":\"EntryPoint\",\"urlTemplate\":\"https:\/\/www.passwordlessalliance.org\/en\/?s={search_term_string}\"},\"query-input\":{\"@type\":\"PropertyValueSpecification\",\"valueRequired\":true,\"valueName\":\"search_term_string\"}}],\"inLanguage\":\"es\"},{\"@type\":\"Organization\",\"@id\":\"https:\/\/www.passwordlessalliance.org\/en\/#organization\",\"name\":\"Passwordless Alliance\",\"url\":\"https:\/\/www.passwordlessalliance.org\/en\/\",\"logo\":{\"@type\":\"ImageObject\",\"inLanguage\":\"es\",\"@id\":\"https:\/\/www.passwordlessalliance.org\/en\/#\/schema\/logo\/image\/\",\"url\":\"https:\/\/www.autootp.com\/wp-content\/uploads\/2025\/10\/PA-Logo.png\",\"contentUrl\":\"https:\/\/www.autootp.com\/wp-content\/uploads\/2025\/10\/PA-Logo.png\",\"width\":494,\"height\":55,\"caption\":\"Passwordless Alliance\"},\"image\":{\"@id\":\"https:\/\/www.passwordlessalliance.org\/en\/#\/schema\/logo\/image\/\"}}]}<\/script>\n<!-- \/ Yoast SEO plugin. -->","yoast_head_json":{"title":"Creating a World Without Passwords - Passwordless Alliance","robots":{"index":"index","follow":"follow","max-snippet":"max-snippet:-1","max-image-preview":"max-image-preview:large","max-video-preview":"max-video-preview:-1"},"canonical":"https:\/\/www.autootp.org\/es\/","og_locale":"es_ES","og_type":"article","og_title":"Creating a World Without Passwords - Passwordless Alliance","og_description":"La Passwordless Alliance seleccionada para el evento de alto nivel de la CMSI 2025 La Passwordless Alliance subir\u00e1 al escenario como evento de alto nivel 2025 en la CMSI+20 en Ginebra, destacando casos de \u00e9xito reales de Ecuador, Francia y Corea. Estos pa\u00edses han reforzado la seguridad y mejorado la comodidad mediante una tecnolog\u00eda sin [&hellip;]","og_url":"https:\/\/www.autootp.org\/es\/","og_site_name":"Passwordless Alliance","article_modified_time":"2025-12-12T09:33:39+00:00","og_image":[{"url":"https:\/\/www.passwordlessalliance.org\/wp-content\/uploads\/2021\/11\/img_03.png","type":"","width":"","height":""}],"twitter_card":"summary_large_image","twitter_misc":{"Tiempo de lectura":"9 minutos"},"schema":{"@context":"https:\/\/schema.org","@graph":[{"@type":"WebPage","@id":"https:\/\/www.autootp.org\/es\/","url":"https:\/\/www.autootp.org\/es\/","name":"Creating a World Without Passwords - Passwordless Alliance","isPartOf":{"@id":"https:\/\/www.passwordlessalliance.org\/en\/#website"},"primaryImageOfPage":{"@id":"https:\/\/www.autootp.org\/es\/#primaryimage"},"image":{"@id":"https:\/\/www.autootp.org\/es\/#primaryimage"},"thumbnailUrl":"https:\/\/www.passwordlessalliance.org\/wp-content\/uploads\/2021\/11\/img_03.png","datePublished":"2024-06-01T10:24:24+00:00","dateModified":"2025-12-12T09:33:39+00:00","breadcrumb":{"@id":"https:\/\/www.autootp.org\/es\/#breadcrumb"},"inLanguage":"es","potentialAction":[{"@type":"ReadAction","target":["https:\/\/www.autootp.org\/es\/"]}]},{"@type":"ImageObject","inLanguage":"es","@id":"https:\/\/www.autootp.org\/es\/#primaryimage","url":"https:\/\/www.passwordlessalliance.org\/wp-content\/uploads\/2021\/11\/img_03.png","contentUrl":"https:\/\/www.passwordlessalliance.org\/wp-content\/uploads\/2021\/11\/img_03.png"},{"@type":"BreadcrumbList","@id":"https:\/\/www.autootp.org\/es\/#breadcrumb","itemListElement":[{"@type":"ListItem","position":1,"name":"Home","item":"https:\/\/www.autootp.org\/es\/"},{"@type":"ListItem","position":2,"name":"Creating a World Without Passwords"}]},{"@type":"WebSite","@id":"https:\/\/www.passwordlessalliance.org\/en\/#website","url":"https:\/\/www.passwordlessalliance.org\/en\/","name":"Passwordless Alliance","description":"","publisher":{"@id":"https:\/\/www.passwordlessalliance.org\/en\/#organization"},"potentialAction":[{"@type":"SearchAction","target":{"@type":"EntryPoint","urlTemplate":"https:\/\/www.passwordlessalliance.org\/en\/?s={search_term_string}"},"query-input":{"@type":"PropertyValueSpecification","valueRequired":true,"valueName":"search_term_string"}}],"inLanguage":"es"},{"@type":"Organization","@id":"https:\/\/www.passwordlessalliance.org\/en\/#organization","name":"Passwordless Alliance","url":"https:\/\/www.passwordlessalliance.org\/en\/","logo":{"@type":"ImageObject","inLanguage":"es","@id":"https:\/\/www.passwordlessalliance.org\/en\/#\/schema\/logo\/image\/","url":"https:\/\/www.autootp.com\/wp-content\/uploads\/2025\/10\/PA-Logo.png","contentUrl":"https:\/\/www.autootp.com\/wp-content\/uploads\/2025\/10\/PA-Logo.png","width":494,"height":55,"caption":"Passwordless Alliance"},"image":{"@id":"https:\/\/www.passwordlessalliance.org\/en\/#\/schema\/logo\/image\/"}}]}},"jetpack_sharing_enabled":true,"_links":{"self":[{"href":"https:\/\/www.autootp.com\/es\/wp-json\/wp\/v2\/pages\/4381","targetHints":{"allow":["GET"]}}],"collection":[{"href":"https:\/\/www.autootp.com\/es\/wp-json\/wp\/v2\/pages"}],"about":[{"href":"https:\/\/www.autootp.com\/es\/wp-json\/wp\/v2\/types\/page"}],"author":[{"embeddable":true,"href":"https:\/\/www.autootp.com\/es\/wp-json\/wp\/v2\/users\/13"}],"replies":[{"embeddable":true,"href":"https:\/\/www.autootp.com\/es\/wp-json\/wp\/v2\/comments?post=4381"}],"version-history":[{"count":8,"href":"https:\/\/www.autootp.com\/es\/wp-json\/wp\/v2\/pages\/4381\/revisions"}],"predecessor-version":[{"id":4766,"href":"https:\/\/www.autootp.com\/es\/wp-json\/wp\/v2\/pages\/4381\/revisions\/4766"}],"wp:attachment":[{"href":"https:\/\/www.autootp.com\/es\/wp-json\/wp\/v2\/media?parent=4381"}],"curies":[{"name":"wp","href":"https:\/\/api.w.org\/{rel}","templated":true}]}}